{"id":46,"date":"2018-08-24T12:47:15","date_gmt":"2018-08-24T12:47:15","guid":{"rendered":"https:\/\/schoolsecurity.fi\/koulutus\/?page_id=46"},"modified":"2018-09-21T08:08:55","modified_gmt":"2018-09-21T08:08:55","slug":"etusivu","status":"publish","type":"page","link":"https:\/\/schoolsecurity.fi\/koulutus\/","title":{"rendered":"Smart School Safety &#038; Security"},"content":{"rendered":"<p style=\"font-size: 18px;\">Smart School Safety & Security on suomalaisissa kouluissa kehitetty ainutlaatuinen\u00a0ratkaisu koulujen ja oppilaitosten, sek\u00e4 muiden julkisten tilojen reaaliaikaiseen kriisiviestint\u00e4\u00e4n, turvallisuussuunnitelmien tuottamiseen ja hallinnointiin, turvakoulutusten j\u00e4rjest\u00e4miseen, sek\u00e4\u00a0h\u00e4lytysten antamiseen kriisitilanteissa.<\/p>\n<div class=\"etusivu-kollaasi\">\n<div class=\"kollaasi-item\">\n<h4 style=\"margin: 0px 0px 10px 0px;\"><i class=\"fas fa-exclamation-triangle\"><\/i>MOBIILIH\u00c4LYTYS<\/h4>\n<p>J\u00e4rjestelm\u00e4, jolla henkil\u00f6kunta voi suorittaa h\u00e4lytyksen mobiililaitteisiin omilla puhelimillaan.<\/p>\n<\/div>\n<div class=\"kollaasi-item\">\n<h4 style=\"margin: 0px 0px 10px 0px;\"><i class=\"fas fa-mobile-alt\"><\/i>KRIISIVIESTINT\u00c4<\/h4>\n<p>Kriisitilanteen reaaliaikainen viestint\u00e4 opiskelijoiden puhelimiin.<\/p>\n<\/div>\n<div class=\"kollaasi-item\">\n<h4 style=\"margin: 0px 0px 10px 0px;\"><i class=\"fas fa-university\"><\/i>TURVAKOULUTUKSET<\/h4>\n<p>Oppilaitoksen tai koulun turvallisuussuunnitelmat ty\u00f6kirjapohjaisena verkkokurssina.<\/p>\n<\/div>\n<\/div>\n<h3 style=\"margin-bottom:10px;\">Mobiilih\u00e4lytys<\/h3>\n<p>Palvelu\u00a0nopeuttaa h\u00e4lytyksen antamista merkitt\u00e4v\u00e4sti, sill\u00e4 kuka tahansa henkil\u00f6kuntaan kuuluva voi laukaista yhdell\u00e4 napin painalluksella h\u00e4lytyksen ajasta tai paikasta riippumatta omilla mobiililaitteillaan. H\u00e4lytys l\u00e4hett\u00e4\u00e4 koulun oppilaiden ja henkil\u00f6kunnan mobiililaitteisiin ladattavaan sovellukseen \u00e4\u00e4nih\u00e4lytyksen ja palvelun n\u00e4ytt\u00f6 vilkuttaa &#8220;<strong>H\u00e4lytys &#8211; siirry turvakanavalle<\/strong>&#8221; -viesti\u00e4.\u00a0Samalla tavalla, yhdell\u00e4 napin painalluksella, soitetaan alueh\u00e4lytyskeskukseen, sek\u00e4 saadaan my\u00f6s ensimm\u00e4iset toimintaohjeet n\u00e4kyville palvelun suojatulle viestikanavalle.<\/p>\n<h3 style=\"margin-bottom:10px;\">Kriisiviestint\u00e4<\/h3>\n<p>Turvakanava on salasanasuojauksen takana oleva reaaliaikainen\u00a0mobiili viestint\u00e4kanava, jonne sis\u00e4lt\u00f6\u00e4 p\u00e4ivitet\u00e4\u00e4n\u00a0reaaliajassa henkil\u00f6kunnan omilla mobiililaitteilla. Turvakanava antaa my\u00f6s\u00a0pelastuslaitokselle ja poliisille reaaliaikaista kohdetietoa heid\u00e4n ollessaan matkalla kohteeseen. Kanavalta\u00a0l\u00f6ytyv\u00e4t my\u00f6s kaikki tarvittavat kohdetiedot\u00a0valokuvineen ja 360-videoineen.<\/p>\n<h3 style=\"margin-bottom:10px;\">Turvallisuussuunnitelma ja -koulutukset<\/h3>\n<p>Smart School Safety & Security -j\u00e4rjestelm\u00e4 sis\u00e4lt\u00e4\u00e4 suomalaisissa kouluissa kehitetyn koulujen turvallisuussuunnitelmapohjan ty\u00f6kirjamuotoisena verkkokurssina, jonka avulla koulu voin rakentaa eritt\u00e4in monimuotoisen, koulukohtaisesti lokalisoidun turvallisuuskoulutusmateriaalin. Valmis turvakurssi toimii Social Micro Learning -periaatteella ja on siten helposti l\u00e4pik\u00e4yt\u00e4viss\u00e4 ajasta ja paikasta riippumatta koulun henkil\u00f6kunnan omilla mobiililaitteilla. Kurssin l\u00e4p\u00e4isseet saavat suoritetusta kurssista sertifikaatin, jolla voidaan n\u00e4ytt\u00e4\u00e4 toteen henkil\u00f6kunnan turvallisuusosaaminen.<\/p>\n<p><img loading=\"lazy\" decoding=\"async\" class=\"alignnone size-full wp-image-71\" src=\"https:\/\/schoolsecurity.fi\/koulutus\/wp-content\/uploads\/sites\/2\/2018\/08\/halytys_koululla.jpg\" alt=\"\" width=\"1920\" height=\"800\" srcset=\"https:\/\/schoolsecurity.fi\/koulutus\/wp-content\/uploads\/sites\/2\/2018\/08\/halytys_koululla.jpg 1920w, https:\/\/schoolsecurity.fi\/koulutus\/wp-content\/uploads\/sites\/2\/2018\/08\/halytys_koululla-300x125.jpg 300w, https:\/\/schoolsecurity.fi\/koulutus\/wp-content\/uploads\/sites\/2\/2018\/08\/halytys_koululla-768x320.jpg 768w, https:\/\/schoolsecurity.fi\/koulutus\/wp-content\/uploads\/sites\/2\/2018\/08\/halytys_koululla-1024x427.jpg 1024w, https:\/\/schoolsecurity.fi\/koulutus\/wp-content\/uploads\/sites\/2\/2018\/08\/halytys_koululla-252x105.jpg 252w, https:\/\/schoolsecurity.fi\/koulutus\/wp-content\/uploads\/sites\/2\/2018\/08\/halytys_koululla-522x218.jpg 522w, https:\/\/schoolsecurity.fi\/koulutus\/wp-content\/uploads\/sites\/2\/2018\/08\/halytys_koululla-792x330.jpg 792w, https:\/\/schoolsecurity.fi\/koulutus\/wp-content\/uploads\/sites\/2\/2018\/08\/halytys_koululla-1062x443.jpg 1062w, https:\/\/schoolsecurity.fi\/koulutus\/wp-content\/uploads\/sites\/2\/2018\/08\/halytys_koululla-624x260.jpg 624w, https:\/\/schoolsecurity.fi\/koulutus\/wp-content\/uploads\/sites\/2\/2018\/08\/halytys_koululla-100x42.jpg 100w, https:\/\/schoolsecurity.fi\/koulutus\/wp-content\/uploads\/sites\/2\/2018\/08\/halytys_koululla-750x313.jpg 750w\" sizes=\"(max-width: 1920px) 100vw, 1920px\" \/><\/p>\n","protected":false},"excerpt":{"rendered":"<p>Smart School Safety &#038; Security on suomalaisissa kouluissa kehitetty ainutlaatuinen\u00a0ratkaisu koulujen ja oppilaitosten, sek\u00e4 muiden julkisten tilojen reaaliaikaiseen kriisiviestint\u00e4\u00e4n, turvallisuussuunnitelmien tuottamiseen ja hallinnointiin, turvakoulutusten j\u00e4rjest\u00e4miseen, sek\u00e4\u00a0h\u00e4lytysten antamiseen kriisitilanteissa. MOBIILIH\u00c4LYTYS J\u00e4rjestelm\u00e4, jolla henkil\u00f6kunta voi suorittaa h\u00e4lytyksen mobiililaitteisiin omilla puhelimillaan. KRIISIVIESTINT\u00c4 Kriisitilanteen reaaliaikainen viestint\u00e4 opiskelijoiden puhelimiin. TURVAKOULUTUKSET Oppilaitoksen tai koulun turvallisuussuunnitelmat ty\u00f6kirjapohjaisena verkkokurssina. Mobiilih\u00e4lytys Palvelu\u00a0nopeuttaa h\u00e4lytyksen antamista [&hellip;]<\/p>\n","protected":false},"author":2,"featured_media":0,"parent":0,"menu_order":0,"comment_status":"closed","ping_status":"closed","template":"","meta":{"_bbp_topic_count":0,"_bbp_reply_count":0,"_bbp_total_topic_count":0,"_bbp_total_reply_count":0,"_bbp_voice_count":0,"_bbp_anonymous_reply_count":0,"_bbp_topic_count_hidden":0,"_bbp_reply_count_hidden":0,"_bbp_forum_subforum_count":0,"footnotes":""},"class_list":["post-46","page","type-page","status-publish","hentry","user-has-not-earned"],"_links":{"self":[{"href":"https:\/\/schoolsecurity.fi\/koulutus\/wp-json\/wp\/v2\/pages\/46"}],"collection":[{"href":"https:\/\/schoolsecurity.fi\/koulutus\/wp-json\/wp\/v2\/pages"}],"about":[{"href":"https:\/\/schoolsecurity.fi\/koulutus\/wp-json\/wp\/v2\/types\/page"}],"author":[{"embeddable":true,"href":"https:\/\/schoolsecurity.fi\/koulutus\/wp-json\/wp\/v2\/users\/2"}],"replies":[{"embeddable":true,"href":"https:\/\/schoolsecurity.fi\/koulutus\/wp-json\/wp\/v2\/comments?post=46"}],"version-history":[{"count":59,"href":"https:\/\/schoolsecurity.fi\/koulutus\/wp-json\/wp\/v2\/pages\/46\/revisions"}],"predecessor-version":[{"id":521,"href":"https:\/\/schoolsecurity.fi\/koulutus\/wp-json\/wp\/v2\/pages\/46\/revisions\/521"}],"wp:attachment":[{"href":"https:\/\/schoolsecurity.fi\/koulutus\/wp-json\/wp\/v2\/media?parent=46"}],"curies":[{"name":"wp","href":"https:\/\/api.w.org\/{rel}","templated":true}]}}